{"id":940,"date":"2021-07-07T15:53:48","date_gmt":"2021-07-07T04:53:48","guid":{"rendered":"https:\/\/ecoledenindhia.ddec.nc\/?page_id=940"},"modified":"2021-07-16T11:06:11","modified_gmt":"2021-07-16T00:06:11","slug":"cycle-3","status":"publish","type":"page","link":"https:\/\/ecoledenindhia.ddec.nc\/index.php\/cycle-3\/","title":{"rendered":"Cycle 3"},"content":{"rendered":"\t\t<div data-elementor-type=\"wp-page\" data-elementor-id=\"940\" class=\"elementor elementor-940\" data-elementor-post-type=\"page\">\n\t\t\t\t\t\t<section class=\"elementor-section elementor-top-section elementor-element elementor-element-7e03e326 elementor-section-boxed elementor-section-height-default elementor-section-height-default\" data-id=\"7e03e326\" data-element_type=\"section\" data-e-type=\"section\" data-settings=\"{&quot;background_background&quot;:&quot;classic&quot;}\">\n\t\t\t\t\t\t\t<div class=\"elementor-background-overlay\"><\/div>\n\t\t\t\t\t\t\t<div class=\"elementor-container elementor-column-gap-default\">\n\t\t\t\t\t<div class=\"elementor-column elementor-col-100 elementor-top-column elementor-element elementor-element-79070d43\" data-id=\"79070d43\" data-element_type=\"column\" data-e-type=\"column\">\n\t\t\t<div class=\"elementor-widget-wrap elementor-element-populated\">\n\t\t\t\t\t\t<div class=\"elementor-element elementor-element-347073aa elementor-widget elementor-widget-heading\" data-id=\"347073aa\" data-element_type=\"widget\" data-e-type=\"widget\" data-widget_type=\"heading.default\">\n\t\t\t\t<div class=\"elementor-widget-container\">\n\t\t\t\t\t<h1 class=\"elementor-heading-title elementor-size-default\">Cycle 3<\/h1>\t\t\t\t<\/div>\n\t\t\t\t<\/div>\n\t\t\t\t<section class=\"elementor-section elementor-inner-section elementor-element elementor-element-4a439c0d elementor-section-full_width elementor-section-height-default elementor-section-height-default\" data-id=\"4a439c0d\" data-element_type=\"section\" data-e-type=\"section\">\n\t\t\t\t\t\t<div class=\"elementor-container elementor-column-gap-default\">\n\t\t\t\t\t<div class=\"elementor-column elementor-col-50 elementor-inner-column elementor-element elementor-element-524d47fd elementor-invisible\" data-id=\"524d47fd\" data-element_type=\"column\" data-e-type=\"column\" data-settings=\"{&quot;animation&quot;:&quot;fadeInLeft&quot;,&quot;background_background&quot;:&quot;classic&quot;}\">\n\t\t\t<div class=\"elementor-widget-wrap elementor-element-populated\">\n\t\t\t\t\t\t<div class=\"elementor-element elementor-element-36b4ba8f elementor-widget elementor-widget-text-editor\" data-id=\"36b4ba8f\" data-element_type=\"widget\" data-e-type=\"widget\" data-widget_type=\"text-editor.default\">\n\t\t\t\t<div class=\"elementor-widget-container\">\n\t\t\t\t\t\t\t\t\t<p>Ins\u00e9rez une pr\u00e9sentation du cycle<\/p>\t\t\t\t\t\t\t\t<\/div>\n\t\t\t\t<\/div>\n\t\t\t\t\t<\/div>\n\t\t<\/div>\n\t\t\t\t<div class=\"elementor-column elementor-col-50 elementor-inner-column elementor-element elementor-element-35cd5f66\" data-id=\"35cd5f66\" data-element_type=\"column\" data-e-type=\"column\">\n\t\t\t<div class=\"elementor-widget-wrap elementor-element-populated\">\n\t\t\t\t\t\t<div class=\"elementor-element elementor-element-edc8b70 elementor-invisible elementor-widget elementor-widget-image\" data-id=\"edc8b70\" data-element_type=\"widget\" data-e-type=\"widget\" data-settings=\"{&quot;_animation&quot;:&quot;fadeInRight&quot;}\" data-widget_type=\"image.default\">\n\t\t\t\t<div class=\"elementor-widget-container\">\n\t\t\t\t\t\t\t\t\t\t\t\t\t\t\t<img decoding=\"async\" src=\"https:\/\/ecoledenindhia.ddec.nc\/wp-content\/plugins\/elementor\/assets\/images\/placeholder.png\" title=\"\" alt=\"\" loading=\"lazy\" \/>\t\t\t\t\t\t\t\t\t\t\t\t\t\t\t<\/div>\n\t\t\t\t<\/div>\n\t\t\t\t\t<\/div>\n\t\t<\/div>\n\t\t\t\t\t<\/div>\n\t\t<\/section>\n\t\t\t\t\t<\/div>\n\t\t<\/div>\n\t\t\t\t\t<\/div>\n\t\t<\/section>\n\t\t\t\t<section class=\"elementor-section elementor-top-section elementor-element elementor-element-9a2eaa2 elementor-section-boxed elementor-section-height-default elementor-section-height-default\" data-id=\"9a2eaa2\" data-element_type=\"section\" data-e-type=\"section\">\n\t\t\t\t\t\t\t<div class=\"elementor-background-overlay\"><\/div>\n\t\t\t\t\t\t\t<div class=\"elementor-container elementor-column-gap-default\">\n\t\t\t\t\t<div class=\"elementor-column elementor-col-100 elementor-top-column elementor-element elementor-element-74e0c81d\" data-id=\"74e0c81d\" data-element_type=\"column\" data-e-type=\"column\">\n\t\t\t<div class=\"elementor-widget-wrap elementor-element-populated\">\n\t\t\t\t\t\t<div class=\"elementor-element elementor-element-2055816c elementor-invisible elementor-widget elementor-widget-heading\" data-id=\"2055816c\" data-element_type=\"widget\" data-e-type=\"widget\" data-settings=\"{&quot;_animation&quot;:&quot;fadeInUp&quot;}\" data-widget_type=\"heading.default\">\n\t\t\t\t<div class=\"elementor-widget-container\">\n\t\t\t\t\t<h2 class=\"elementor-heading-title elementor-size-default\">Nos classes<\/h2>\t\t\t\t<\/div>\n\t\t\t\t<\/div>\n\t\t\t\t\t<\/div>\n\t\t<\/div>\n\t\t\t\t\t<\/div>\n\t\t<\/section>\n\t\t\t\t<section class=\"elementor-section elementor-top-section elementor-element elementor-element-accb3ab elementor-section-full_width elementor-section-height-default elementor-section-height-default\" data-id=\"accb3ab\" data-element_type=\"section\" data-e-type=\"section\" data-settings=\"{&quot;background_background&quot;:&quot;classic&quot;}\">\n\t\t\t\t\t\t\t<div class=\"elementor-background-overlay\"><\/div>\n\t\t\t\t\t\t\t<div class=\"elementor-container elementor-column-gap-default\">\n\t\t\t\t\t<div class=\"elementor-column elementor-col-100 elementor-top-column elementor-element elementor-element-6f43d25b\" data-id=\"6f43d25b\" data-element_type=\"column\" data-e-type=\"column\">\n\t\t\t<div class=\"elementor-widget-wrap elementor-element-populated\">\n\t\t\t\t\t\t<section class=\"elementor-section elementor-inner-section elementor-element elementor-element-28443cd0 elementor-section-boxed elementor-section-height-default elementor-section-height-default\" data-id=\"28443cd0\" data-element_type=\"section\" data-e-type=\"section\">\n\t\t\t\t\t\t<div class=\"elementor-container elementor-column-gap-wide\">\n\t\t\t\t\t<div class=\"elementor-column elementor-col-50 elementor-inner-column elementor-element elementor-element-5966063f elementor-invisible\" data-id=\"5966063f\" data-element_type=\"column\" data-e-type=\"column\" data-settings=\"{&quot;animation&quot;:&quot;zoomIn&quot;}\">\n\t\t\t<div class=\"elementor-widget-wrap elementor-element-populated\">\n\t\t\t\t\t\t<div class=\"elementor-element elementor-element-5bcfa5f9 elementor-cta--skin-classic elementor-animated-content elementor-bg-transform elementor-bg-transform-zoom-in elementor-widget elementor-widget-call-to-action\" data-id=\"5bcfa5f9\" data-element_type=\"widget\" data-e-type=\"widget\" data-widget_type=\"call-to-action.default\">\n\t\t\t\t<div class=\"elementor-widget-container\">\n\t\t\t\t\t\t\t<div class=\"elementor-cta\">\n\t\t\t\t\t<div class=\"elementor-cta__bg-wrapper\">\n\t\t\t\t<div class=\"elementor-cta__bg elementor-bg\" style=\"background-image: url(https:\/\/ecoledenindhia.ddec.nc\/wp-content\/plugins\/elementor\/assets\/images\/placeholder.png);\" role=\"img\" aria-label=\"\"><\/div>\n\t\t\t\t<div class=\"elementor-cta__bg-overlay\"><\/div>\n\t\t\t<\/div>\n\t\t\t\t\t\t\t<div class=\"elementor-cta__content\">\n\t\t\t\t\n\t\t\t\t\t\t\t\t\t<h2 class=\"elementor-cta__title elementor-cta__content-item elementor-content-item\">\n\t\t\t\t\t\tCM1\t\t\t\t\t<\/h2>\n\t\t\t\t\n\t\t\t\t\n\t\t\t\t\t\t\t\t\t<div class=\"elementor-cta__button-wrapper elementor-cta__content-item elementor-content-item \">\n\t\t\t\t\t<a class=\"elementor-cta__button elementor-button elementor-size-\">\n\t\t\t\t\t\tCliquer ici\t\t\t\t\t<\/a>\n\t\t\t\t\t<\/div>\n\t\t\t\t\t\t\t<\/div>\n\t\t\t\t\t\t<\/div>\n\t\t\t\t\t\t<\/div>\n\t\t\t\t<\/div>\n\t\t\t\t\t<\/div>\n\t\t<\/div>\n\t\t\t\t<div class=\"elementor-column elementor-col-50 elementor-inner-column elementor-element elementor-element-34628ad9 elementor-invisible\" data-id=\"34628ad9\" data-element_type=\"column\" data-e-type=\"column\" data-settings=\"{&quot;animation&quot;:&quot;zoomIn&quot;}\">\n\t\t\t<div class=\"elementor-widget-wrap elementor-element-populated\">\n\t\t\t\t\t\t<div class=\"elementor-element elementor-element-76598ee9 elementor-cta--skin-classic elementor-animated-content elementor-bg-transform elementor-bg-transform-zoom-in elementor-widget elementor-widget-call-to-action\" data-id=\"76598ee9\" data-element_type=\"widget\" data-e-type=\"widget\" data-widget_type=\"call-to-action.default\">\n\t\t\t\t<div class=\"elementor-widget-container\">\n\t\t\t\t\t\t\t<div class=\"elementor-cta\">\n\t\t\t\t\t<div class=\"elementor-cta__bg-wrapper\">\n\t\t\t\t<div class=\"elementor-cta__bg elementor-bg\" style=\"background-image: url(https:\/\/ecoledenindhia.ddec.nc\/wp-content\/plugins\/elementor\/assets\/images\/placeholder.png);\" role=\"img\" aria-label=\"\"><\/div>\n\t\t\t\t<div class=\"elementor-cta__bg-overlay\"><\/div>\n\t\t\t<\/div>\n\t\t\t\t\t\t\t<div class=\"elementor-cta__content\">\n\t\t\t\t\n\t\t\t\t\t\t\t\t\t<h2 class=\"elementor-cta__title elementor-cta__content-item elementor-content-item\">\n\t\t\t\t\t\tCM2\t\t\t\t\t<\/h2>\n\t\t\t\t\n\t\t\t\t\n\t\t\t\t\t\t\t\t\t<div class=\"elementor-cta__button-wrapper elementor-cta__content-item elementor-content-item \">\n\t\t\t\t\t<a class=\"elementor-cta__button elementor-button elementor-size-\">\n\t\t\t\t\t\tCliquer ici\t\t\t\t\t<\/a>\n\t\t\t\t\t<\/div>\n\t\t\t\t\t\t\t<\/div>\n\t\t\t\t\t\t<\/div>\n\t\t\t\t\t\t<\/div>\n\t\t\t\t<\/div>\n\t\t\t\t\t<\/div>\n\t\t<\/div>\n\t\t\t\t\t<\/div>\n\t\t<\/section>\n\t\t\t\t\t<\/div>\n\t\t<\/div>\n\t\t\t\t\t<\/div>\n\t\t<\/section>\n\t\t\t\t<section class=\"elementor-section elementor-top-section elementor-element elementor-element-641f00a elementor-section-boxed elementor-section-height-default elementor-section-height-default\" data-id=\"641f00a\" data-element_type=\"section\" data-e-type=\"section\">\n\t\t\t\t\t\t\t<div class=\"elementor-background-overlay\"><\/div>\n\t\t\t\t\t\t\t<div class=\"elementor-container elementor-column-gap-default\">\n\t\t\t\t\t<div class=\"elementor-column elementor-col-100 elementor-top-column elementor-element elementor-element-217b4dd\" data-id=\"217b4dd\" data-element_type=\"column\" data-e-type=\"column\">\n\t\t\t<div class=\"elementor-widget-wrap elementor-element-populated\">\n\t\t\t\t\t\t<div class=\"elementor-element elementor-element-96957bb elementor-invisible elementor-widget elementor-widget-heading\" data-id=\"96957bb\" data-element_type=\"widget\" data-e-type=\"widget\" data-settings=\"{&quot;_animation&quot;:&quot;fadeInUp&quot;}\" data-widget_type=\"heading.default\">\n\t\t\t\t<div class=\"elementor-widget-container\">\n\t\t\t\t\t<h2 class=\"elementor-heading-title elementor-size-default\">Nos activit\u00e9s<\/h2>\t\t\t\t<\/div>\n\t\t\t\t<\/div>\n\t\t\t\t\t<\/div>\n\t\t<\/div>\n\t\t\t\t\t<\/div>\n\t\t<\/section>\n\t\t\t\t<section class=\"elementor-section elementor-top-section elementor-element elementor-element-d3bff2e elementor-section-boxed elementor-section-height-default elementor-section-height-default\" data-id=\"d3bff2e\" data-element_type=\"section\" data-e-type=\"section\" data-settings=\"{&quot;background_background&quot;:&quot;classic&quot;}\">\n\t\t\t\t\t\t<div class=\"elementor-container elementor-column-gap-default\">\n\t\t\t\t\t<div class=\"elementor-column elementor-col-100 elementor-top-column elementor-element elementor-element-4c1c0b2\" data-id=\"4c1c0b2\" data-element_type=\"column\" data-e-type=\"column\">\n\t\t\t<div class=\"elementor-widget-wrap elementor-element-populated\">\n\t\t\t\t\t\t<section class=\"elementor-section elementor-inner-section elementor-element elementor-element-e9b72ce elementor-section-boxed elementor-section-height-default elementor-section-height-default\" data-id=\"e9b72ce\" data-element_type=\"section\" data-e-type=\"section\">\n\t\t\t\t\t\t<div class=\"elementor-container elementor-column-gap-default\">\n\t\t\t\t\t<div class=\"elementor-column elementor-col-50 elementor-inner-column elementor-element elementor-element-a7e6cce elementor-invisible\" data-id=\"a7e6cce\" data-element_type=\"column\" data-e-type=\"column\" data-settings=\"{&quot;animation&quot;:&quot;fadeIn&quot;}\">\n\t\t\t<div class=\"elementor-widget-wrap elementor-element-populated\">\n\t\t\t\t\t\t<div class=\"elementor-element elementor-element-ee72ffb elementor-widget elementor-widget-price-table\" data-id=\"ee72ffb\" data-element_type=\"widget\" data-e-type=\"widget\" data-widget_type=\"price-table.default\">\n\t\t\t\t<div class=\"elementor-widget-container\">\n\t\t\t\t\t\n\t\t<div class=\"elementor-price-table\">\n\t\t\t\t\t\t\t<div class=\"elementor-price-table__header\">\n\t\t\t\t\t\t\t\t\t\t\t<h3 class=\"elementor-price-table__heading\">\n\t\t\t\t\t\tProjet\t\t\t\t\t\t<\/h3>\n\t\t\t\t\t\n\t\t\t\t\t\t\t\t\t<\/div>\n\t\t\t\n\t\t\t<div class=\"elementor-price-table__price\">\n\t\t\t\t\t\t\t\t\t\t\t\t\n\t\t\t\t\n\t\t\t\t\n\t\t\t\t\t\t\t<\/div>\n\n\t\t\t\t\t\t\t<ul class=\"elementor-price-table__features-list\">\n\t\t\t\t\t\t\t\t\t\t\t<li class=\"elementor-repeater-item-2c3fb98\">\n\t\t\t\t\t\t\t<div class=\"elementor-price-table__feature-inner\">\n\t\t\t\t\t\t\t\t<i aria-hidden=\"true\" class=\"fas fa-book-open\"><\/i>\t\t\t\t\t\t\t\t\t\t\t\t\t\t\t\t\t<span >\n\t\t\t\t\t\t\t\t\t\tProjet d'activit\u00e9 p\u00e9riode 3\t\t\t\t\t\t\t\t\t<\/span>\n\t\t\t\t\t\t\t\t\t\t\t\t\t\t\t\t<\/div>\n\t\t\t\t\t\t<\/li>\n\t\t\t\t\t\t\t\t\t<\/ul>\n\t\t\t\n\t\t\t\t\t\t\t<div class=\"elementor-price-table__footer\">\n\t\t\t\t\t\t\t\t\t\t\t<a class=\"elementor-price-table__button elementor-button elementor-size-md\" href=\"https:\/\/ecoledenindhia.ddec.nc\/wp-content\/uploads\/2019\/07\/projet-dactivit\u00e9-p3-Copie.pdf\" target=\"_blank\">\n\t\t\t\t\t\t\tVoir\t\t\t\t\t\t<\/a>\n\t\t\t\t\t\n\t\t\t\t\t\t\t\t\t<\/div>\n\t\t\t\t\t<\/div>\n\n\t\t\t\t\t\t<\/div>\n\t\t\t\t<\/div>\n\t\t\t\t\t<\/div>\n\t\t<\/div>\n\t\t\t\t<div class=\"elementor-column elementor-col-50 elementor-inner-column elementor-element elementor-element-0e5665b elementor-invisible\" data-id=\"0e5665b\" data-element_type=\"column\" data-e-type=\"column\" data-settings=\"{&quot;animation&quot;:&quot;fadeIn&quot;}\">\n\t\t\t<div class=\"elementor-widget-wrap elementor-element-populated\">\n\t\t\t\t\t\t<div class=\"elementor-element elementor-element-e1f7cde elementor-widget elementor-widget-price-table\" data-id=\"e1f7cde\" data-element_type=\"widget\" data-e-type=\"widget\" data-widget_type=\"price-table.default\">\n\t\t\t\t<div class=\"elementor-widget-container\">\n\t\t\t\t\t\n\t\t<div class=\"elementor-price-table\">\n\t\t\t\t\t\t\t<div class=\"elementor-price-table__header\">\n\t\t\t\t\t\t\t\t\t\t\t<h3 class=\"elementor-price-table__heading\">\n\t\t\t\t\t\tproduction des \u00e9l\u00e8ves\t\t\t\t\t\t<\/h3>\n\t\t\t\t\t\n\t\t\t\t\t\t\t\t\t<\/div>\n\t\t\t\n\t\t\t<div class=\"elementor-price-table__price\">\n\t\t\t\t\t\t\t\t\t\t\t\t\n\t\t\t\t\n\t\t\t\t\n\t\t\t\t\t\t\t<\/div>\n\n\t\t\t\t\t\t\t<ul class=\"elementor-price-table__features-list\">\n\t\t\t\t\t\t\t\t\t\t\t<li class=\"elementor-repeater-item-2c3fb98\">\n\t\t\t\t\t\t\t<div class=\"elementor-price-table__feature-inner\">\n\t\t\t\t\t\t\t\t<i aria-hidden=\"true\" class=\"fas fa-music\"><\/i>\t\t\t\t\t\t\t\t\t\t\t\t\t\t\t\t\t<span >\n\t\t\t\t\t\t\t\t\t\tchant commun \u00e0 S\u0153ur Johanna Vakie\t\t\t\t\t\t\t\t\t<\/span>\n\t\t\t\t\t\t\t\t\t\t\t\t\t\t\t\t<\/div>\n\t\t\t\t\t\t<\/li>\n\t\t\t\t\t\t\t\t\t<\/ul>\n\t\t\t\n\t\t\t\t\t\t\t<div class=\"elementor-price-table__footer\">\n\t\t\t\t\t\t\t\t\t\t\t<a class=\"elementor-price-table__button elementor-button elementor-size-md\" href=\"https:\/\/ecoledenindhia.ddec.nc\/wp-content\/uploads\/2019\/07\/histoire-de-SJV-Copie.pdf\" target=\"_blank\">\n\t\t\t\t\t\t\tVoir\t\t\t\t\t\t<\/a>\n\t\t\t\t\t\n\t\t\t\t\t\t\t\t\t<\/div>\n\t\t\t\t\t<\/div>\n\n\t\t\t\t\t\t<\/div>\n\t\t\t\t<\/div>\n\t\t\t\t\t<\/div>\n\t\t<\/div>\n\t\t\t\t\t<\/div>\n\t\t<\/section>\n\t\t\t\t\t<\/div>\n\t\t<\/div>\n\t\t\t\t\t<\/div>\n\t\t<\/section>\n\t\t\t\t<\/div>\n\t\t","protected":false},"excerpt":{"rendered":"<p>Cycle 3 Ins\u00e9rez une pr\u00e9sentation du cycle Nos classes CM1 Cliquer ici CM2 Cliquer ici Nos activit\u00e9s Projet Projet d&rsquo;activit\u00e9 p\u00e9riode 3 Voir production des \u00e9l\u00e8ves chant commun \u00e0 S\u0153ur Johanna Vakie Voir<\/p>\n","protected":false},"author":11,"featured_media":0,"parent":0,"menu_order":0,"comment_status":"closed","ping_status":"closed","template":"","meta":{"footnotes":""},"class_list":["post-940","page","type-page","status-publish","hentry"],"yoast_head":"<!-- This site is optimized with the Yoast SEO plugin v27.5 - https:\/\/yoast.com\/product\/yoast-seo-wordpress\/ -->\n<title>Cycle 3 - Ecole de Nindhia<\/title>\n<meta name=\"robots\" content=\"index, follow, max-snippet:-1, max-image-preview:large, max-video-preview:-1\" \/>\n<link rel=\"canonical\" href=\"https:\/\/ecoledenindhia.ddec.nc\/index.php\/cycle-3\/\" \/>\n<meta property=\"og:locale\" content=\"fr_FR\" \/>\n<meta property=\"og:type\" content=\"article\" \/>\n<meta property=\"og:title\" content=\"Cycle 3 - Ecole de Nindhia\" \/>\n<meta property=\"og:description\" content=\"Cycle 3 Ins\u00e9rez une pr\u00e9sentation du cycle Nos classes CM1 Cliquer ici CM2 Cliquer ici Nos activit\u00e9s Projet Projet d&rsquo;activit\u00e9 p\u00e9riode 3 Voir production des \u00e9l\u00e8ves chant commun \u00e0 S\u0153ur Johanna Vakie Voir\" \/>\n<meta property=\"og:url\" content=\"https:\/\/ecoledenindhia.ddec.nc\/index.php\/cycle-3\/\" \/>\n<meta property=\"og:site_name\" content=\"Ecole de Nindhia\" \/>\n<meta property=\"article:modified_time\" content=\"2021-07-16T00:06:11+00:00\" \/>\n<meta property=\"og:image\" content=\"https:\/\/ecoledenindhia.ddec.nc\/wp-content\/plugins\/elementor\/assets\/images\/placeholder.png\" \/>\n<meta name=\"twitter:card\" content=\"summary_large_image\" \/>\n<meta name=\"twitter:label1\" content=\"Dur\u00e9e de lecture estim\u00e9e\" \/>\n\t<meta name=\"twitter:data1\" content=\"1 minute\" \/>\n<script type=\"application\/ld+json\" class=\"yoast-schema-graph\">{\"@context\":\"https:\\\/\\\/schema.org\",\"@graph\":[{\"@type\":\"WebPage\",\"@id\":\"https:\\\/\\\/ecoledenindhia.ddec.nc\\\/index.php\\\/cycle-3\\\/\",\"url\":\"https:\\\/\\\/ecoledenindhia.ddec.nc\\\/index.php\\\/cycle-3\\\/\",\"name\":\"Cycle 3 - Ecole de Nindhia\",\"isPartOf\":{\"@id\":\"https:\\\/\\\/ecoledenindhia.ddec.nc\\\/#website\"},\"primaryImageOfPage\":{\"@id\":\"https:\\\/\\\/ecoledenindhia.ddec.nc\\\/index.php\\\/cycle-3\\\/#primaryimage\"},\"image\":{\"@id\":\"https:\\\/\\\/ecoledenindhia.ddec.nc\\\/index.php\\\/cycle-3\\\/#primaryimage\"},\"thumbnailUrl\":\"https:\\\/\\\/ecoledenindhia.ddec.nc\\\/wp-content\\\/plugins\\\/elementor\\\/assets\\\/images\\\/placeholder.png\",\"datePublished\":\"2021-07-07T04:53:48+00:00\",\"dateModified\":\"2021-07-16T00:06:11+00:00\",\"breadcrumb\":{\"@id\":\"https:\\\/\\\/ecoledenindhia.ddec.nc\\\/index.php\\\/cycle-3\\\/#breadcrumb\"},\"inLanguage\":\"fr-FR\",\"potentialAction\":[{\"@type\":\"ReadAction\",\"target\":[\"https:\\\/\\\/ecoledenindhia.ddec.nc\\\/index.php\\\/cycle-3\\\/\"]}]},{\"@type\":\"ImageObject\",\"inLanguage\":\"fr-FR\",\"@id\":\"https:\\\/\\\/ecoledenindhia.ddec.nc\\\/index.php\\\/cycle-3\\\/#primaryimage\",\"url\":\"https:\\\/\\\/ecoledenindhia.ddec.nc\\\/wp-content\\\/plugins\\\/elementor\\\/assets\\\/images\\\/placeholder.png\",\"contentUrl\":\"https:\\\/\\\/ecoledenindhia.ddec.nc\\\/wp-content\\\/plugins\\\/elementor\\\/assets\\\/images\\\/placeholder.png\"},{\"@type\":\"BreadcrumbList\",\"@id\":\"https:\\\/\\\/ecoledenindhia.ddec.nc\\\/index.php\\\/cycle-3\\\/#breadcrumb\",\"itemListElement\":[{\"@type\":\"ListItem\",\"position\":1,\"name\":\"Accueil\",\"item\":\"https:\\\/\\\/ecoledenindhia.ddec.nc\\\/\"},{\"@type\":\"ListItem\",\"position\":2,\"name\":\"Cycle 3\"}]},{\"@type\":\"WebSite\",\"@id\":\"https:\\\/\\\/ecoledenindhia.ddec.nc\\\/#website\",\"url\":\"https:\\\/\\\/ecoledenindhia.ddec.nc\\\/\",\"name\":\"Ecole de Nindhia\",\"description\":\"Ecole de Nindhia\",\"publisher\":{\"@id\":\"https:\\\/\\\/ecoledenindhia.ddec.nc\\\/#organization\"},\"potentialAction\":[{\"@type\":\"SearchAction\",\"target\":{\"@type\":\"EntryPoint\",\"urlTemplate\":\"https:\\\/\\\/ecoledenindhia.ddec.nc\\\/?s={search_term_string}\"},\"query-input\":{\"@type\":\"PropertyValueSpecification\",\"valueRequired\":true,\"valueName\":\"search_term_string\"}}],\"inLanguage\":\"fr-FR\"},{\"@type\":\"Organization\",\"@id\":\"https:\\\/\\\/ecoledenindhia.ddec.nc\\\/#organization\",\"name\":\"Ecole de Nindhia\",\"url\":\"https:\\\/\\\/ecoledenindhia.ddec.nc\\\/\",\"logo\":{\"@type\":\"ImageObject\",\"inLanguage\":\"fr-FR\",\"@id\":\"https:\\\/\\\/ecoledenindhia.ddec.nc\\\/#\\\/schema\\\/logo\\\/image\\\/\",\"url\":\"https:\\\/\\\/ecoledenindhia.ddec.nc\\\/wp-content\\\/uploads\\\/2021\\\/07\\\/MEAREU-NINDHIA-removebg-preview.png\",\"contentUrl\":\"https:\\\/\\\/ecoledenindhia.ddec.nc\\\/wp-content\\\/uploads\\\/2021\\\/07\\\/MEAREU-NINDHIA-removebg-preview.png\",\"width\":529,\"height\":472,\"caption\":\"Ecole de Nindhia\"},\"image\":{\"@id\":\"https:\\\/\\\/ecoledenindhia.ddec.nc\\\/#\\\/schema\\\/logo\\\/image\\\/\"}}]}<\/script>\n<!-- \/ Yoast SEO plugin. -->","yoast_head_json":{"title":"Cycle 3 - Ecole de Nindhia","robots":{"index":"index","follow":"follow","max-snippet":"max-snippet:-1","max-image-preview":"max-image-preview:large","max-video-preview":"max-video-preview:-1"},"canonical":"https:\/\/ecoledenindhia.ddec.nc\/index.php\/cycle-3\/","og_locale":"fr_FR","og_type":"article","og_title":"Cycle 3 - Ecole de Nindhia","og_description":"Cycle 3 Ins\u00e9rez une pr\u00e9sentation du cycle Nos classes CM1 Cliquer ici CM2 Cliquer ici Nos activit\u00e9s Projet Projet d&rsquo;activit\u00e9 p\u00e9riode 3 Voir production des \u00e9l\u00e8ves chant commun \u00e0 S\u0153ur Johanna Vakie Voir","og_url":"https:\/\/ecoledenindhia.ddec.nc\/index.php\/cycle-3\/","og_site_name":"Ecole de Nindhia","article_modified_time":"2021-07-16T00:06:11+00:00","og_image":[{"url":"https:\/\/ecoledenindhia.ddec.nc\/wp-content\/plugins\/elementor\/assets\/images\/placeholder.png","type":"","width":"","height":""}],"twitter_card":"summary_large_image","twitter_misc":{"Dur\u00e9e de lecture estim\u00e9e":"1 minute"},"schema":{"@context":"https:\/\/schema.org","@graph":[{"@type":"WebPage","@id":"https:\/\/ecoledenindhia.ddec.nc\/index.php\/cycle-3\/","url":"https:\/\/ecoledenindhia.ddec.nc\/index.php\/cycle-3\/","name":"Cycle 3 - Ecole de Nindhia","isPartOf":{"@id":"https:\/\/ecoledenindhia.ddec.nc\/#website"},"primaryImageOfPage":{"@id":"https:\/\/ecoledenindhia.ddec.nc\/index.php\/cycle-3\/#primaryimage"},"image":{"@id":"https:\/\/ecoledenindhia.ddec.nc\/index.php\/cycle-3\/#primaryimage"},"thumbnailUrl":"https:\/\/ecoledenindhia.ddec.nc\/wp-content\/plugins\/elementor\/assets\/images\/placeholder.png","datePublished":"2021-07-07T04:53:48+00:00","dateModified":"2021-07-16T00:06:11+00:00","breadcrumb":{"@id":"https:\/\/ecoledenindhia.ddec.nc\/index.php\/cycle-3\/#breadcrumb"},"inLanguage":"fr-FR","potentialAction":[{"@type":"ReadAction","target":["https:\/\/ecoledenindhia.ddec.nc\/index.php\/cycle-3\/"]}]},{"@type":"ImageObject","inLanguage":"fr-FR","@id":"https:\/\/ecoledenindhia.ddec.nc\/index.php\/cycle-3\/#primaryimage","url":"https:\/\/ecoledenindhia.ddec.nc\/wp-content\/plugins\/elementor\/assets\/images\/placeholder.png","contentUrl":"https:\/\/ecoledenindhia.ddec.nc\/wp-content\/plugins\/elementor\/assets\/images\/placeholder.png"},{"@type":"BreadcrumbList","@id":"https:\/\/ecoledenindhia.ddec.nc\/index.php\/cycle-3\/#breadcrumb","itemListElement":[{"@type":"ListItem","position":1,"name":"Accueil","item":"https:\/\/ecoledenindhia.ddec.nc\/"},{"@type":"ListItem","position":2,"name":"Cycle 3"}]},{"@type":"WebSite","@id":"https:\/\/ecoledenindhia.ddec.nc\/#website","url":"https:\/\/ecoledenindhia.ddec.nc\/","name":"Ecole de Nindhia","description":"Ecole de Nindhia","publisher":{"@id":"https:\/\/ecoledenindhia.ddec.nc\/#organization"},"potentialAction":[{"@type":"SearchAction","target":{"@type":"EntryPoint","urlTemplate":"https:\/\/ecoledenindhia.ddec.nc\/?s={search_term_string}"},"query-input":{"@type":"PropertyValueSpecification","valueRequired":true,"valueName":"search_term_string"}}],"inLanguage":"fr-FR"},{"@type":"Organization","@id":"https:\/\/ecoledenindhia.ddec.nc\/#organization","name":"Ecole de Nindhia","url":"https:\/\/ecoledenindhia.ddec.nc\/","logo":{"@type":"ImageObject","inLanguage":"fr-FR","@id":"https:\/\/ecoledenindhia.ddec.nc\/#\/schema\/logo\/image\/","url":"https:\/\/ecoledenindhia.ddec.nc\/wp-content\/uploads\/2021\/07\/MEAREU-NINDHIA-removebg-preview.png","contentUrl":"https:\/\/ecoledenindhia.ddec.nc\/wp-content\/uploads\/2021\/07\/MEAREU-NINDHIA-removebg-preview.png","width":529,"height":472,"caption":"Ecole de Nindhia"},"image":{"@id":"https:\/\/ecoledenindhia.ddec.nc\/#\/schema\/logo\/image\/"}}]}},"_links":{"self":[{"href":"https:\/\/ecoledenindhia.ddec.nc\/index.php\/wp-json\/wp\/v2\/pages\/940","targetHints":{"allow":["GET"]}}],"collection":[{"href":"https:\/\/ecoledenindhia.ddec.nc\/index.php\/wp-json\/wp\/v2\/pages"}],"about":[{"href":"https:\/\/ecoledenindhia.ddec.nc\/index.php\/wp-json\/wp\/v2\/types\/page"}],"author":[{"embeddable":true,"href":"https:\/\/ecoledenindhia.ddec.nc\/index.php\/wp-json\/wp\/v2\/users\/11"}],"replies":[{"embeddable":true,"href":"https:\/\/ecoledenindhia.ddec.nc\/index.php\/wp-json\/wp\/v2\/comments?post=940"}],"version-history":[{"count":42,"href":"https:\/\/ecoledenindhia.ddec.nc\/index.php\/wp-json\/wp\/v2\/pages\/940\/revisions"}],"predecessor-version":[{"id":1426,"href":"https:\/\/ecoledenindhia.ddec.nc\/index.php\/wp-json\/wp\/v2\/pages\/940\/revisions\/1426"}],"wp:attachment":[{"href":"https:\/\/ecoledenindhia.ddec.nc\/index.php\/wp-json\/wp\/v2\/media?parent=940"}],"curies":[{"name":"wp","href":"https:\/\/api.w.org\/{rel}","templated":true}]}}