{"id":838,"date":"2021-07-07T12:38:57","date_gmt":"2021-07-07T01:38:57","guid":{"rendered":"https:\/\/ecoledenindhia.ddec.nc\/?page_id=838"},"modified":"2021-07-07T13:45:45","modified_gmt":"2021-07-07T02:45:45","slug":"reglement-interieur","status":"publish","type":"page","link":"https:\/\/ecoledenindhia.ddec.nc\/index.php\/reglement-interieur\/","title":{"rendered":"R\u00e8glement int\u00e9rieur"},"content":{"rendered":"<h2 style=\"text-align: center; color: #8273CD; font-family: \"Fredoka One\"; font-size: 40px;\">R\u00e8glement int\u00e9rieur<\/h2>\n<p style=\"text-align: center;\"><a href=\"https:\/\/files.elfsightcdn.com\/61896fa3-10e4-49db-9e8f-d7ef6c3c6973\/44bb15a3-d0dd-416c-a2a0-70a49434c8ac.pdf\">T\u00e9l\u00e9charger<\/a><br \/>\n<a href=\"https:\/\/ecoledenindhia.ddec.nc\/wp-content\/uploads\/2021\/07\/pdf-exemple.pdf\" class=\"pdfemb-viewer\" style=\"\" data-width=\"max\" data-height=\"max\" data-toolbar=\"bottom\" data-toolbar-fixed=\"off\">pdf-exemple<\/a><\/p>\n","protected":false},"excerpt":{"rendered":"<p>R\u00e8glement int\u00e9rieur T\u00e9l\u00e9charger<\/p>\n","protected":false},"author":11,"featured_media":0,"parent":0,"menu_order":0,"comment_status":"closed","ping_status":"closed","template":"","meta":{"footnotes":""},"class_list":["post-838","page","type-page","status-publish","hentry"],"yoast_head":"<!-- This site is optimized with the Yoast SEO plugin v27.5 - https:\/\/yoast.com\/product\/yoast-seo-wordpress\/ -->\n<title>R\u00e8glement int\u00e9rieur - Ecole de Nindhia<\/title>\n<meta name=\"robots\" content=\"index, follow, max-snippet:-1, max-image-preview:large, max-video-preview:-1\" \/>\n<link rel=\"canonical\" href=\"https:\/\/ecoledenindhia.ddec.nc\/index.php\/reglement-interieur\/\" \/>\n<meta property=\"og:locale\" content=\"fr_FR\" \/>\n<meta property=\"og:type\" content=\"article\" \/>\n<meta property=\"og:title\" content=\"R\u00e8glement int\u00e9rieur - Ecole de Nindhia\" \/>\n<meta property=\"og:description\" content=\"R\u00e8glement int\u00e9rieur T\u00e9l\u00e9charger\" \/>\n<meta property=\"og:url\" content=\"https:\/\/ecoledenindhia.ddec.nc\/index.php\/reglement-interieur\/\" \/>\n<meta property=\"og:site_name\" content=\"Ecole de Nindhia\" \/>\n<meta property=\"article:modified_time\" content=\"2021-07-07T02:45:45+00:00\" \/>\n<meta name=\"twitter:card\" content=\"summary_large_image\" \/>\n<meta name=\"twitter:label1\" content=\"Dur\u00e9e de lecture estim\u00e9e\" \/>\n\t<meta name=\"twitter:data1\" content=\"1 minute\" \/>\n<script type=\"application\/ld+json\" class=\"yoast-schema-graph\">{\"@context\":\"https:\\\/\\\/schema.org\",\"@graph\":[{\"@type\":\"WebPage\",\"@id\":\"https:\\\/\\\/ecoledenindhia.ddec.nc\\\/index.php\\\/reglement-interieur\\\/\",\"url\":\"https:\\\/\\\/ecoledenindhia.ddec.nc\\\/index.php\\\/reglement-interieur\\\/\",\"name\":\"R\u00e8glement int\u00e9rieur - Ecole de Nindhia\",\"isPartOf\":{\"@id\":\"https:\\\/\\\/ecoledenindhia.ddec.nc\\\/#website\"},\"datePublished\":\"2021-07-07T01:38:57+00:00\",\"dateModified\":\"2021-07-07T02:45:45+00:00\",\"breadcrumb\":{\"@id\":\"https:\\\/\\\/ecoledenindhia.ddec.nc\\\/index.php\\\/reglement-interieur\\\/#breadcrumb\"},\"inLanguage\":\"fr-FR\",\"potentialAction\":[{\"@type\":\"ReadAction\",\"target\":[\"https:\\\/\\\/ecoledenindhia.ddec.nc\\\/index.php\\\/reglement-interieur\\\/\"]}]},{\"@type\":\"BreadcrumbList\",\"@id\":\"https:\\\/\\\/ecoledenindhia.ddec.nc\\\/index.php\\\/reglement-interieur\\\/#breadcrumb\",\"itemListElement\":[{\"@type\":\"ListItem\",\"position\":1,\"name\":\"Accueil\",\"item\":\"https:\\\/\\\/ecoledenindhia.ddec.nc\\\/\"},{\"@type\":\"ListItem\",\"position\":2,\"name\":\"R\u00e8glement int\u00e9rieur\"}]},{\"@type\":\"WebSite\",\"@id\":\"https:\\\/\\\/ecoledenindhia.ddec.nc\\\/#website\",\"url\":\"https:\\\/\\\/ecoledenindhia.ddec.nc\\\/\",\"name\":\"Ecole de Nindhia\",\"description\":\"Ecole de Nindhia\",\"publisher\":{\"@id\":\"https:\\\/\\\/ecoledenindhia.ddec.nc\\\/#organization\"},\"potentialAction\":[{\"@type\":\"SearchAction\",\"target\":{\"@type\":\"EntryPoint\",\"urlTemplate\":\"https:\\\/\\\/ecoledenindhia.ddec.nc\\\/?s={search_term_string}\"},\"query-input\":{\"@type\":\"PropertyValueSpecification\",\"valueRequired\":true,\"valueName\":\"search_term_string\"}}],\"inLanguage\":\"fr-FR\"},{\"@type\":\"Organization\",\"@id\":\"https:\\\/\\\/ecoledenindhia.ddec.nc\\\/#organization\",\"name\":\"Ecole de Nindhia\",\"url\":\"https:\\\/\\\/ecoledenindhia.ddec.nc\\\/\",\"logo\":{\"@type\":\"ImageObject\",\"inLanguage\":\"fr-FR\",\"@id\":\"https:\\\/\\\/ecoledenindhia.ddec.nc\\\/#\\\/schema\\\/logo\\\/image\\\/\",\"url\":\"https:\\\/\\\/ecoledenindhia.ddec.nc\\\/wp-content\\\/uploads\\\/2021\\\/07\\\/MEAREU-NINDHIA-removebg-preview.png\",\"contentUrl\":\"https:\\\/\\\/ecoledenindhia.ddec.nc\\\/wp-content\\\/uploads\\\/2021\\\/07\\\/MEAREU-NINDHIA-removebg-preview.png\",\"width\":529,\"height\":472,\"caption\":\"Ecole de Nindhia\"},\"image\":{\"@id\":\"https:\\\/\\\/ecoledenindhia.ddec.nc\\\/#\\\/schema\\\/logo\\\/image\\\/\"}}]}<\/script>\n<!-- \/ Yoast SEO plugin. -->","yoast_head_json":{"title":"R\u00e8glement int\u00e9rieur - Ecole de Nindhia","robots":{"index":"index","follow":"follow","max-snippet":"max-snippet:-1","max-image-preview":"max-image-preview:large","max-video-preview":"max-video-preview:-1"},"canonical":"https:\/\/ecoledenindhia.ddec.nc\/index.php\/reglement-interieur\/","og_locale":"fr_FR","og_type":"article","og_title":"R\u00e8glement int\u00e9rieur - Ecole de Nindhia","og_description":"R\u00e8glement int\u00e9rieur T\u00e9l\u00e9charger","og_url":"https:\/\/ecoledenindhia.ddec.nc\/index.php\/reglement-interieur\/","og_site_name":"Ecole de Nindhia","article_modified_time":"2021-07-07T02:45:45+00:00","twitter_card":"summary_large_image","twitter_misc":{"Dur\u00e9e de lecture estim\u00e9e":"1 minute"},"schema":{"@context":"https:\/\/schema.org","@graph":[{"@type":"WebPage","@id":"https:\/\/ecoledenindhia.ddec.nc\/index.php\/reglement-interieur\/","url":"https:\/\/ecoledenindhia.ddec.nc\/index.php\/reglement-interieur\/","name":"R\u00e8glement int\u00e9rieur - Ecole de Nindhia","isPartOf":{"@id":"https:\/\/ecoledenindhia.ddec.nc\/#website"},"datePublished":"2021-07-07T01:38:57+00:00","dateModified":"2021-07-07T02:45:45+00:00","breadcrumb":{"@id":"https:\/\/ecoledenindhia.ddec.nc\/index.php\/reglement-interieur\/#breadcrumb"},"inLanguage":"fr-FR","potentialAction":[{"@type":"ReadAction","target":["https:\/\/ecoledenindhia.ddec.nc\/index.php\/reglement-interieur\/"]}]},{"@type":"BreadcrumbList","@id":"https:\/\/ecoledenindhia.ddec.nc\/index.php\/reglement-interieur\/#breadcrumb","itemListElement":[{"@type":"ListItem","position":1,"name":"Accueil","item":"https:\/\/ecoledenindhia.ddec.nc\/"},{"@type":"ListItem","position":2,"name":"R\u00e8glement int\u00e9rieur"}]},{"@type":"WebSite","@id":"https:\/\/ecoledenindhia.ddec.nc\/#website","url":"https:\/\/ecoledenindhia.ddec.nc\/","name":"Ecole de Nindhia","description":"Ecole de Nindhia","publisher":{"@id":"https:\/\/ecoledenindhia.ddec.nc\/#organization"},"potentialAction":[{"@type":"SearchAction","target":{"@type":"EntryPoint","urlTemplate":"https:\/\/ecoledenindhia.ddec.nc\/?s={search_term_string}"},"query-input":{"@type":"PropertyValueSpecification","valueRequired":true,"valueName":"search_term_string"}}],"inLanguage":"fr-FR"},{"@type":"Organization","@id":"https:\/\/ecoledenindhia.ddec.nc\/#organization","name":"Ecole de Nindhia","url":"https:\/\/ecoledenindhia.ddec.nc\/","logo":{"@type":"ImageObject","inLanguage":"fr-FR","@id":"https:\/\/ecoledenindhia.ddec.nc\/#\/schema\/logo\/image\/","url":"https:\/\/ecoledenindhia.ddec.nc\/wp-content\/uploads\/2021\/07\/MEAREU-NINDHIA-removebg-preview.png","contentUrl":"https:\/\/ecoledenindhia.ddec.nc\/wp-content\/uploads\/2021\/07\/MEAREU-NINDHIA-removebg-preview.png","width":529,"height":472,"caption":"Ecole de Nindhia"},"image":{"@id":"https:\/\/ecoledenindhia.ddec.nc\/#\/schema\/logo\/image\/"}}]}},"_links":{"self":[{"href":"https:\/\/ecoledenindhia.ddec.nc\/index.php\/wp-json\/wp\/v2\/pages\/838","targetHints":{"allow":["GET"]}}],"collection":[{"href":"https:\/\/ecoledenindhia.ddec.nc\/index.php\/wp-json\/wp\/v2\/pages"}],"about":[{"href":"https:\/\/ecoledenindhia.ddec.nc\/index.php\/wp-json\/wp\/v2\/types\/page"}],"author":[{"embeddable":true,"href":"https:\/\/ecoledenindhia.ddec.nc\/index.php\/wp-json\/wp\/v2\/users\/11"}],"replies":[{"embeddable":true,"href":"https:\/\/ecoledenindhia.ddec.nc\/index.php\/wp-json\/wp\/v2\/comments?post=838"}],"version-history":[{"count":30,"href":"https:\/\/ecoledenindhia.ddec.nc\/index.php\/wp-json\/wp\/v2\/pages\/838\/revisions"}],"predecessor-version":[{"id":863,"href":"https:\/\/ecoledenindhia.ddec.nc\/index.php\/wp-json\/wp\/v2\/pages\/838\/revisions\/863"}],"wp:attachment":[{"href":"https:\/\/ecoledenindhia.ddec.nc\/index.php\/wp-json\/wp\/v2\/media?parent=838"}],"curies":[{"name":"wp","href":"https:\/\/api.w.org\/{rel}","templated":true}]}}