{"id":12,"date":"2019-07-09T09:07:37","date_gmt":"2019-07-08T22:07:37","guid":{"rendered":"https:\/\/ecoledenindhia.ddec.nc\/?page_id=12"},"modified":"2021-07-15T13:28:17","modified_gmt":"2021-07-15T02:28:17","slug":"projet1","status":"publish","type":"page","link":"https:\/\/ecoledenindhia.ddec.nc\/index.php\/projet1\/","title":{"rendered":"Projet 1"},"content":{"rendered":"\t\t<div data-elementor-type=\"wp-post\" data-elementor-id=\"12\" class=\"elementor elementor-12\" data-elementor-post-type=\"page\">\n\t\t\t\t\t\t<section class=\"elementor-section elementor-top-section elementor-element elementor-element-7bad350 elementor-section-full_width elementor-section-height-min-height elementor-section-height-default elementor-section-items-middle\" data-id=\"7bad350\" data-element_type=\"section\" data-e-type=\"section\" data-settings=\"{&quot;shape_divider_bottom&quot;:&quot;zigzag&quot;}\">\n\t\t\t\t\t\t\t<div class=\"elementor-background-overlay\"><\/div>\n\t\t\t\t\t\t<div class=\"elementor-shape elementor-shape-bottom\" aria-hidden=\"true\" data-negative=\"false\">\n\t\t\t<svg xmlns=\"http:\/\/www.w3.org\/2000\/svg\" viewBox=\"0 0 1800 5.8\" preserveAspectRatio=\"none\">\n  <path class=\"elementor-shape-fill\" d=\"M5.4.4l5.4 5.3L16.5.4l5.4 5.3L27.5.4 33 5.7 38.6.4l5.5 5.4h.1L49.9.4l5.4 5.3L60.9.4l5.5 5.3L72 .4l5.5 5.3L83.1.4l5.4 5.3L94.1.4l5.5 5.4h.2l5.6-5.4 5.5 5.3 5.6-5.3 5.4 5.3 5.6-5.3 5.5 5.3 5.6-5.3 5.5 5.4h.2l5.6-5.4 5.4 5.3L161 .4l5.4 5.3L172 .4l5.5 5.3 5.6-5.3 5.4 5.3 5.7-5.3 5.4 5.4h.2l5.6-5.4 5.5 5.3 5.6-5.3 5.5 5.3 5.6-5.3 5.4 5.3 5.6-5.3 5.5 5.4h.2l5.6-5.4 5.5 5.3L261 .4l5.4 5.3L272 .4l5.5 5.3 5.6-5.3 5.5 5.3 5.6-5.3 5.5 5.4h.1l5.7-5.4 5.4 5.3 5.6-5.3 5.5 5.3 5.6-5.3 5.4 5.3 5.7-5.3 5.4 5.4h.2l5.6-5.4 5.5 5.3L361 .4l5.5 5.3 5.6-5.3 5.4 5.3 5.6-5.3 5.5 5.3 5.6-5.3 5.5 5.4h.1l5.7-5.4 5.4 5.3 5.6-5.3 5.5 5.3 5.6-5.3 5.5 5.3 5.6-5.3 5.5 5.4h.1l5.6-5.4 5.5 5.3L461 .4l5.5 5.3 5.6-5.3 5.4 5.3 5.7-5.3 5.4 5.3 5.6-5.3 5.5 5.4h.2l5.6-5.4 5.5 5.3 5.6-5.3 5.4 5.3 5.6-5.3 5.5 5.3 5.6-5.3 5.5 5.4h.1L550 .4l5.4 5.3L561 .4l5.5 5.3 5.6-5.3 5.5 5.3 5.6-5.3 5.4 5.3 5.6-5.3 5.5 5.4h.2l5.6-5.4 5.5 5.3 5.6-5.3 5.4 5.3 5.7-5.3 5.4 5.3 5.6-5.3 5.5 5.4h.2L650 .4l5.5 5.3 5.6-5.3 5.4 5.3 5.6-5.3 5.5 5.3 5.6-5.3 5.5 5.3 5.6-5.3 5.4 5.4h.2l5.6-5.4 5.5 5.3 5.6-5.3 5.5 5.3 5.6-5.3 5.4 5.3 5.6-5.3 5.5 5.4h.2L750 .4l5.5 5.3 5.6-5.3 5.4 5.3 5.7-5.3 5.4 5.3 5.6-5.3 5.5 5.3 5.6-5.3 5.5 5.4h.1l5.7-5.4 5.4 5.3 5.6-5.3 5.5 5.3 5.6-5.3 5.5 5.3 5.6-5.3 5.4 5.4h.2L850 .4l5.5 5.3 5.6-5.3 5.5 5.3 5.6-5.3 5.4 5.3 5.6-5.3 5.5 5.3 5.6-5.3 5.5 5.4h.2l5.6-5.4 5.4 5.3 5.7-5.3 5.4 5.3 5.6-5.3 5.5 5.3 5.6-5.3 5.5 5.4h.1l5.7-5.4 5.4 5.3 5.6-5.3 5.5 5.3 5.6-5.3 5.5 5.3 5.6-5.3 5.4 5.3 5.6-5.3 5.5 5.4h.2l5.6-5.4 5.5 5.3 5.6-5.3 5.4 5.3 5.6-5.3 5.5 5.3 5.6-5.3 5.5 5.4h.2l5.6-5.4 5.4 5.3 5.7-5.3 5.4 5.3 5.6-5.3 5.5 5.3 5.6-5.3 5.5 5.3 5.6-5.3 5.4 5.4h.2l5.6-5.4 5.5 5.3 5.6-5.3 5.5 5.3 5.6-5.3 5.4 5.3 5.6-5.3 5.5 5.4h.2l5.6-5.4 5.5 5.3 5.6-5.3 5.4 5.3 5.6-5.3 5.5 5.3 5.6-5.3 5.5 5.3 5.6-5.3 5.5 5.4h.1l5.7-5.4 5.4 5.3 5.6-5.3 5.5 5.3 5.6-5.3 5.5 5.3 5.6-5.3 5.4 5.4h.2l5.6-5.4 5.5 5.3 5.6-5.3 5.5 5.3 5.6-5.3 5.4 5.3 5.6-5.3 5.5 5.3 5.6-5.3 5.5 5.4h.2l5.6-5.4 5.4 5.3 5.6-5.3 5.5 5.3 5.6-5.3 5.5 5.3 5.6-5.3 5.5 5.4h.1l5.7-5.4 5.4 5.3 5.6-5.3 5.5 5.3 5.6-5.3 5.5 5.3 5.6-5.3 5.4 5.3 5.6-5.3 5.5 5.4h.2l5.6-5.4 5.5 5.3 5.6-5.3 5.4 5.3 5.6-5.3 5.5 5.3 5.6-5.3 5.5 5.4h.2l5.6-5.4 5.4 5.3 5.6-5.3 5.5 5.3 5.6-5.3 5.5 5.3 5.6-5.3 5.4 5.3 5.7-5.3 5.4 5.4h.2l5.6-5.4 5.5 5.3 5.6-5.3 5.5 5.3 5.6-5.3 5.4 5.3 5.6-5.3 5.5 5.4h.2l5.6-5.4 5.5 5.3 5.6-5.3 5.4 5.3 5.6-5.3 5.5 5.3 5.6-5.3 5.5 5.3 5.6-5.3 5.5 5.4h.1l5.6-5.4 5.5 5.3 5.6-5.3 5.5 5.3 5.6-5.3 5.4 5.3 5.7-5.3 5.4 5.4h.2l5.6-5.4 5.5 5.3 5.6-5.3 5.5 5.3 5.6-5.3 5.4 5.3 5.6-5.3 5.5 5.3 5.6-5.3 5.5 5.4h.1l5.7-5.4 5.4 5.3 5.6-5.3 5.5 5.3 5.6-5.3 5.5 5.3 5.6-5.3 5.5 5.4h.1l5.6-5.4 5.5 5.3 5.6-5.3 5.5 5.3 5.6-5.3 5.4 5.3 5.7-5.3 5.4 5.3 5.6-5.3 5.5 5.4V0H-.2v5.8z\"\/>\n<\/svg>\n\t\t<\/div>\n\t\t\t\t\t<div class=\"elementor-container elementor-column-gap-default\">\n\t\t\t\t\t<div class=\"elementor-column elementor-col-100 elementor-top-column elementor-element elementor-element-7df053f\" data-id=\"7df053f\" data-element_type=\"column\" data-e-type=\"column\">\n\t\t\t<div class=\"elementor-widget-wrap elementor-element-populated\">\n\t\t\t\t\t\t<div class=\"elementor-element elementor-element-1dcc576f elementor-widget elementor-widget-heading\" data-id=\"1dcc576f\" data-element_type=\"widget\" data-e-type=\"widget\" data-widget_type=\"heading.default\">\n\t\t\t\t<div class=\"elementor-widget-container\">\n\t\t\t\t\t<h1 class=\"elementor-heading-title elementor-size-default\">Danser la vie de s\u0153ur Johanna Vaki\u00e9<\/h1>\t\t\t\t<\/div>\n\t\t\t\t<\/div>\n\t\t\t\t<div class=\"elementor-element elementor-element-33dd7e04 elementor-widget elementor-widget-heading\" data-id=\"33dd7e04\" data-element_type=\"widget\" data-e-type=\"widget\" data-widget_type=\"heading.default\">\n\t\t\t\t<div class=\"elementor-widget-container\">\n\t\t\t\t\t<h2 class=\"elementor-heading-title elementor-size-default\">Agir et s'exprimer avec son corps<\/h2>\t\t\t\t<\/div>\n\t\t\t\t<\/div>\n\t\t\t\t\t<\/div>\n\t\t<\/div>\n\t\t\t\t\t<\/div>\n\t\t<\/section>\n\t\t\t\t<section class=\"elementor-section elementor-top-section elementor-element elementor-element-410edd2 elementor-section-full_width elementor-section-height-default elementor-section-height-default\" data-id=\"410edd2\" data-element_type=\"section\" data-e-type=\"section\">\n\t\t\t\t\t\t\t<div class=\"elementor-background-overlay\"><\/div>\n\t\t\t\t\t\t\t<div class=\"elementor-container elementor-column-gap-default\">\n\t\t\t\t\t<div class=\"elementor-column elementor-col-100 elementor-top-column elementor-element elementor-element-803d53d elementor-invisible\" data-id=\"803d53d\" data-element_type=\"column\" data-e-type=\"column\" data-settings=\"{&quot;animation&quot;:&quot;zoomIn&quot;}\">\n\t\t\t<div class=\"elementor-widget-wrap elementor-element-populated\">\n\t\t\t\t\t\t<section class=\"elementor-section elementor-inner-section elementor-element elementor-element-7289ab9 elementor-section-boxed elementor-section-height-default elementor-section-height-default\" data-id=\"7289ab9\" data-element_type=\"section\" data-e-type=\"section\">\n\t\t\t\t\t\t<div class=\"elementor-container elementor-column-gap-default\">\n\t\t\t\t\t<div class=\"elementor-column elementor-col-50 elementor-inner-column elementor-element elementor-element-ca9250b\" data-id=\"ca9250b\" data-element_type=\"column\" data-e-type=\"column\">\n\t\t\t<div class=\"elementor-widget-wrap elementor-element-populated\">\n\t\t\t\t\t\t<div class=\"elementor-element elementor-element-a821e77 elementor-widget elementor-widget-text-editor\" data-id=\"a821e77\" data-element_type=\"widget\" data-e-type=\"widget\" data-widget_type=\"text-editor.default\">\n\t\t\t\t<div class=\"elementor-widget-container\">\n\t\t\t\t\t\t\t\t\t<p>La danse du pilou\u00a0 a \u00e9t\u00e9 mise en projet pour la classe du cycle 1 en lien avec le projet des cycles 2 et 3 dans le cadre des 40 ans du lyc\u00e9e Johanna Vaki\u00e9.<\/p>\t\t\t\t\t\t\t\t<\/div>\n\t\t\t\t<\/div>\n\t\t\t\t\t<\/div>\n\t\t<\/div>\n\t\t\t\t<div class=\"elementor-column elementor-col-50 elementor-inner-column elementor-element elementor-element-f4f85a9\" data-id=\"f4f85a9\" data-element_type=\"column\" data-e-type=\"column\">\n\t\t\t<div class=\"elementor-widget-wrap elementor-element-populated\">\n\t\t\t\t\t\t<div class=\"elementor-element elementor-element-110bece elementor-widget elementor-widget-image\" data-id=\"110bece\" data-element_type=\"widget\" data-e-type=\"widget\" data-widget_type=\"image.default\">\n\t\t\t\t<div class=\"elementor-widget-container\">\n\t\t\t\t\t\t\t\t\t\t\t\t\t\t\t<img fetchpriority=\"high\" decoding=\"async\" width=\"768\" height=\"1024\" src=\"https:\/\/ecoledenindhia.ddec.nc\/wp-content\/uploads\/2019\/07\/DSCN2838-e1564110066260-768x1024.jpg\" class=\"attachment-medium_large size-medium_large wp-image-315\" alt=\"\" srcset=\"https:\/\/ecoledenindhia.ddec.nc\/wp-content\/uploads\/2019\/07\/DSCN2838-e1564110066260-768x1024.jpg 768w, https:\/\/ecoledenindhia.ddec.nc\/wp-content\/uploads\/2019\/07\/DSCN2838-e1564110066260-225x300.jpg 225w, https:\/\/ecoledenindhia.ddec.nc\/wp-content\/uploads\/2019\/07\/DSCN2838-e1564110066260.jpg 1704w\" sizes=\"(max-width: 768px) 100vw, 768px\" \/>\t\t\t\t\t\t\t\t\t\t\t\t\t\t\t<\/div>\n\t\t\t\t<\/div>\n\t\t\t\t\t<\/div>\n\t\t<\/div>\n\t\t\t\t\t<\/div>\n\t\t<\/section>\n\t\t\t\t<section class=\"elementor-section elementor-inner-section elementor-element elementor-element-de0b320 elementor-section-boxed elementor-section-height-default elementor-section-height-default\" data-id=\"de0b320\" data-element_type=\"section\" data-e-type=\"section\">\n\t\t\t\t\t\t<div class=\"elementor-container elementor-column-gap-default\">\n\t\t\t\t\t<div class=\"elementor-column elementor-col-50 elementor-inner-column elementor-element elementor-element-8ce404e\" data-id=\"8ce404e\" data-element_type=\"column\" data-e-type=\"column\">\n\t\t\t<div class=\"elementor-widget-wrap elementor-element-populated\">\n\t\t\t\t\t\t<div class=\"elementor-element elementor-element-400f2c0 elementor-widget elementor-widget-image\" data-id=\"400f2c0\" data-element_type=\"widget\" data-e-type=\"widget\" data-widget_type=\"image.default\">\n\t\t\t\t<div class=\"elementor-widget-container\">\n\t\t\t\t\t\t\t\t\t\t\t\t\t\t\t<img decoding=\"async\" width=\"768\" height=\"1024\" src=\"https:\/\/ecoledenindhia.ddec.nc\/wp-content\/uploads\/2019\/07\/DSCN2833-e1564110551789-768x1024.jpg\" class=\"attachment-medium_large size-medium_large wp-image-314\" alt=\"\" srcset=\"https:\/\/ecoledenindhia.ddec.nc\/wp-content\/uploads\/2019\/07\/DSCN2833-e1564110551789-768x1024.jpg 768w, https:\/\/ecoledenindhia.ddec.nc\/wp-content\/uploads\/2019\/07\/DSCN2833-e1564110551789-225x300.jpg 225w, https:\/\/ecoledenindhia.ddec.nc\/wp-content\/uploads\/2019\/07\/DSCN2833-e1564110551789.jpg 1704w\" sizes=\"(max-width: 768px) 100vw, 768px\" \/>\t\t\t\t\t\t\t\t\t\t\t\t\t\t\t<\/div>\n\t\t\t\t<\/div>\n\t\t\t\t\t<\/div>\n\t\t<\/div>\n\t\t\t\t<div class=\"elementor-column elementor-col-50 elementor-inner-column elementor-element elementor-element-329d92c\" data-id=\"329d92c\" data-element_type=\"column\" data-e-type=\"column\">\n\t\t\t<div class=\"elementor-widget-wrap elementor-element-populated\">\n\t\t\t\t\t\t<div class=\"elementor-element elementor-element-3ad68c4 elementor-widget elementor-widget-text-editor\" data-id=\"3ad68c4\" data-element_type=\"widget\" data-e-type=\"widget\" data-widget_type=\"text-editor.default\">\n\t\t\t\t<div class=\"elementor-widget-container\">\n\t\t\t\t\t\t\t\t\t<p>La danse du pilou\u00a0 a \u00e9t\u00e9 mise en projet pour la classe du cycle 1 en lien avec le projet des cycles 2 et 3 dans le cadre des 40 ans du lyc\u00e9e Johanna Vaki\u00e9.<\/p>\t\t\t\t\t\t\t\t<\/div>\n\t\t\t\t<\/div>\n\t\t\t\t\t<\/div>\n\t\t<\/div>\n\t\t\t\t\t<\/div>\n\t\t<\/section>\n\t\t\t\t\t<\/div>\n\t\t<\/div>\n\t\t\t\t\t<\/div>\n\t\t<\/section>\n\t\t\t\t<\/div>\n\t\t","protected":false},"excerpt":{"rendered":"<p>Danser la vie de s\u0153ur Johanna Vaki\u00e9 Agir et s&rsquo;exprimer avec son corps La danse du pilou\u00a0 a \u00e9t\u00e9 mise en projet pour la classe du cycle 1 en lien avec le projet des cycles 2 et 3 dans le cadre des 40 ans du lyc\u00e9e Johanna Vaki\u00e9. La danse du pilou\u00a0 a \u00e9t\u00e9 mise [&hellip;]<\/p>\n","protected":false},"author":2,"featured_media":0,"parent":0,"menu_order":0,"comment_status":"closed","ping_status":"closed","template":"elementor_header_footer","meta":{"footnotes":""},"class_list":["post-12","page","type-page","status-publish","hentry"],"yoast_head":"<!-- This site is optimized with the Yoast SEO plugin v27.5 - https:\/\/yoast.com\/product\/yoast-seo-wordpress\/ -->\n<title>Projet 1 - Ecole de Nindhia<\/title>\n<meta name=\"robots\" content=\"index, follow, max-snippet:-1, max-image-preview:large, max-video-preview:-1\" \/>\n<link rel=\"canonical\" href=\"https:\/\/ecoledenindhia.ddec.nc\/index.php\/projet1\/\" \/>\n<meta property=\"og:locale\" content=\"fr_FR\" \/>\n<meta property=\"og:type\" content=\"article\" \/>\n<meta property=\"og:title\" content=\"Projet 1 - Ecole de Nindhia\" \/>\n<meta property=\"og:description\" content=\"Danser la vie de s\u0153ur Johanna Vaki\u00e9 Agir et s&rsquo;exprimer avec son corps La danse du pilou\u00a0 a \u00e9t\u00e9 mise en projet pour la classe du cycle 1 en lien avec le projet des cycles 2 et 3 dans le cadre des 40 ans du lyc\u00e9e Johanna Vaki\u00e9. La danse du pilou\u00a0 a \u00e9t\u00e9 mise [&hellip;]\" \/>\n<meta property=\"og:url\" content=\"https:\/\/ecoledenindhia.ddec.nc\/index.php\/projet1\/\" \/>\n<meta property=\"og:site_name\" content=\"Ecole de Nindhia\" \/>\n<meta property=\"article:modified_time\" content=\"2021-07-15T02:28:17+00:00\" \/>\n<meta property=\"og:image\" content=\"https:\/\/ecoledenindhia.ddec.nc\/wp-content\/uploads\/2019\/07\/DSCN2838-e1564110066260-768x1024.jpg\" \/>\n<meta name=\"twitter:card\" content=\"summary_large_image\" \/>\n<meta name=\"twitter:label1\" content=\"Dur\u00e9e de lecture estim\u00e9e\" \/>\n\t<meta name=\"twitter:data1\" content=\"1 minute\" \/>\n<script type=\"application\/ld+json\" class=\"yoast-schema-graph\">{\"@context\":\"https:\\\/\\\/schema.org\",\"@graph\":[{\"@type\":\"WebPage\",\"@id\":\"https:\\\/\\\/ecoledenindhia.ddec.nc\\\/index.php\\\/projet1\\\/\",\"url\":\"https:\\\/\\\/ecoledenindhia.ddec.nc\\\/index.php\\\/projet1\\\/\",\"name\":\"Projet 1 - Ecole de Nindhia\",\"isPartOf\":{\"@id\":\"https:\\\/\\\/ecoledenindhia.ddec.nc\\\/#website\"},\"primaryImageOfPage\":{\"@id\":\"https:\\\/\\\/ecoledenindhia.ddec.nc\\\/index.php\\\/projet1\\\/#primaryimage\"},\"image\":{\"@id\":\"https:\\\/\\\/ecoledenindhia.ddec.nc\\\/index.php\\\/projet1\\\/#primaryimage\"},\"thumbnailUrl\":\"https:\\\/\\\/ecoledenindhia.ddec.nc\\\/wp-content\\\/uploads\\\/2019\\\/07\\\/DSCN2838-e1564110066260-768x1024.jpg\",\"datePublished\":\"2019-07-08T22:07:37+00:00\",\"dateModified\":\"2021-07-15T02:28:17+00:00\",\"breadcrumb\":{\"@id\":\"https:\\\/\\\/ecoledenindhia.ddec.nc\\\/index.php\\\/projet1\\\/#breadcrumb\"},\"inLanguage\":\"fr-FR\",\"potentialAction\":[{\"@type\":\"ReadAction\",\"target\":[\"https:\\\/\\\/ecoledenindhia.ddec.nc\\\/index.php\\\/projet1\\\/\"]}]},{\"@type\":\"ImageObject\",\"inLanguage\":\"fr-FR\",\"@id\":\"https:\\\/\\\/ecoledenindhia.ddec.nc\\\/index.php\\\/projet1\\\/#primaryimage\",\"url\":\"https:\\\/\\\/ecoledenindhia.ddec.nc\\\/wp-content\\\/uploads\\\/2019\\\/07\\\/DSCN2838-e1564110066260.jpg\",\"contentUrl\":\"https:\\\/\\\/ecoledenindhia.ddec.nc\\\/wp-content\\\/uploads\\\/2019\\\/07\\\/DSCN2838-e1564110066260.jpg\",\"width\":1704,\"height\":2272},{\"@type\":\"BreadcrumbList\",\"@id\":\"https:\\\/\\\/ecoledenindhia.ddec.nc\\\/index.php\\\/projet1\\\/#breadcrumb\",\"itemListElement\":[{\"@type\":\"ListItem\",\"position\":1,\"name\":\"Accueil\",\"item\":\"https:\\\/\\\/ecoledenindhia.ddec.nc\\\/\"},{\"@type\":\"ListItem\",\"position\":2,\"name\":\"Projet 1\"}]},{\"@type\":\"WebSite\",\"@id\":\"https:\\\/\\\/ecoledenindhia.ddec.nc\\\/#website\",\"url\":\"https:\\\/\\\/ecoledenindhia.ddec.nc\\\/\",\"name\":\"Ecole de Nindhia\",\"description\":\"Ecole de Nindhia\",\"publisher\":{\"@id\":\"https:\\\/\\\/ecoledenindhia.ddec.nc\\\/#organization\"},\"potentialAction\":[{\"@type\":\"SearchAction\",\"target\":{\"@type\":\"EntryPoint\",\"urlTemplate\":\"https:\\\/\\\/ecoledenindhia.ddec.nc\\\/?s={search_term_string}\"},\"query-input\":{\"@type\":\"PropertyValueSpecification\",\"valueRequired\":true,\"valueName\":\"search_term_string\"}}],\"inLanguage\":\"fr-FR\"},{\"@type\":\"Organization\",\"@id\":\"https:\\\/\\\/ecoledenindhia.ddec.nc\\\/#organization\",\"name\":\"Ecole de Nindhia\",\"url\":\"https:\\\/\\\/ecoledenindhia.ddec.nc\\\/\",\"logo\":{\"@type\":\"ImageObject\",\"inLanguage\":\"fr-FR\",\"@id\":\"https:\\\/\\\/ecoledenindhia.ddec.nc\\\/#\\\/schema\\\/logo\\\/image\\\/\",\"url\":\"https:\\\/\\\/ecoledenindhia.ddec.nc\\\/wp-content\\\/uploads\\\/2021\\\/07\\\/MEAREU-NINDHIA-removebg-preview.png\",\"contentUrl\":\"https:\\\/\\\/ecoledenindhia.ddec.nc\\\/wp-content\\\/uploads\\\/2021\\\/07\\\/MEAREU-NINDHIA-removebg-preview.png\",\"width\":529,\"height\":472,\"caption\":\"Ecole de Nindhia\"},\"image\":{\"@id\":\"https:\\\/\\\/ecoledenindhia.ddec.nc\\\/#\\\/schema\\\/logo\\\/image\\\/\"}}]}<\/script>\n<!-- \/ Yoast SEO plugin. -->","yoast_head_json":{"title":"Projet 1 - Ecole de Nindhia","robots":{"index":"index","follow":"follow","max-snippet":"max-snippet:-1","max-image-preview":"max-image-preview:large","max-video-preview":"max-video-preview:-1"},"canonical":"https:\/\/ecoledenindhia.ddec.nc\/index.php\/projet1\/","og_locale":"fr_FR","og_type":"article","og_title":"Projet 1 - Ecole de Nindhia","og_description":"Danser la vie de s\u0153ur Johanna Vaki\u00e9 Agir et s&rsquo;exprimer avec son corps La danse du pilou\u00a0 a \u00e9t\u00e9 mise en projet pour la classe du cycle 1 en lien avec le projet des cycles 2 et 3 dans le cadre des 40 ans du lyc\u00e9e Johanna Vaki\u00e9. La danse du pilou\u00a0 a \u00e9t\u00e9 mise [&hellip;]","og_url":"https:\/\/ecoledenindhia.ddec.nc\/index.php\/projet1\/","og_site_name":"Ecole de Nindhia","article_modified_time":"2021-07-15T02:28:17+00:00","og_image":[{"url":"https:\/\/ecoledenindhia.ddec.nc\/wp-content\/uploads\/2019\/07\/DSCN2838-e1564110066260-768x1024.jpg","type":"","width":"","height":""}],"twitter_card":"summary_large_image","twitter_misc":{"Dur\u00e9e de lecture estim\u00e9e":"1 minute"},"schema":{"@context":"https:\/\/schema.org","@graph":[{"@type":"WebPage","@id":"https:\/\/ecoledenindhia.ddec.nc\/index.php\/projet1\/","url":"https:\/\/ecoledenindhia.ddec.nc\/index.php\/projet1\/","name":"Projet 1 - Ecole de Nindhia","isPartOf":{"@id":"https:\/\/ecoledenindhia.ddec.nc\/#website"},"primaryImageOfPage":{"@id":"https:\/\/ecoledenindhia.ddec.nc\/index.php\/projet1\/#primaryimage"},"image":{"@id":"https:\/\/ecoledenindhia.ddec.nc\/index.php\/projet1\/#primaryimage"},"thumbnailUrl":"https:\/\/ecoledenindhia.ddec.nc\/wp-content\/uploads\/2019\/07\/DSCN2838-e1564110066260-768x1024.jpg","datePublished":"2019-07-08T22:07:37+00:00","dateModified":"2021-07-15T02:28:17+00:00","breadcrumb":{"@id":"https:\/\/ecoledenindhia.ddec.nc\/index.php\/projet1\/#breadcrumb"},"inLanguage":"fr-FR","potentialAction":[{"@type":"ReadAction","target":["https:\/\/ecoledenindhia.ddec.nc\/index.php\/projet1\/"]}]},{"@type":"ImageObject","inLanguage":"fr-FR","@id":"https:\/\/ecoledenindhia.ddec.nc\/index.php\/projet1\/#primaryimage","url":"https:\/\/ecoledenindhia.ddec.nc\/wp-content\/uploads\/2019\/07\/DSCN2838-e1564110066260.jpg","contentUrl":"https:\/\/ecoledenindhia.ddec.nc\/wp-content\/uploads\/2019\/07\/DSCN2838-e1564110066260.jpg","width":1704,"height":2272},{"@type":"BreadcrumbList","@id":"https:\/\/ecoledenindhia.ddec.nc\/index.php\/projet1\/#breadcrumb","itemListElement":[{"@type":"ListItem","position":1,"name":"Accueil","item":"https:\/\/ecoledenindhia.ddec.nc\/"},{"@type":"ListItem","position":2,"name":"Projet 1"}]},{"@type":"WebSite","@id":"https:\/\/ecoledenindhia.ddec.nc\/#website","url":"https:\/\/ecoledenindhia.ddec.nc\/","name":"Ecole de Nindhia","description":"Ecole de Nindhia","publisher":{"@id":"https:\/\/ecoledenindhia.ddec.nc\/#organization"},"potentialAction":[{"@type":"SearchAction","target":{"@type":"EntryPoint","urlTemplate":"https:\/\/ecoledenindhia.ddec.nc\/?s={search_term_string}"},"query-input":{"@type":"PropertyValueSpecification","valueRequired":true,"valueName":"search_term_string"}}],"inLanguage":"fr-FR"},{"@type":"Organization","@id":"https:\/\/ecoledenindhia.ddec.nc\/#organization","name":"Ecole de Nindhia","url":"https:\/\/ecoledenindhia.ddec.nc\/","logo":{"@type":"ImageObject","inLanguage":"fr-FR","@id":"https:\/\/ecoledenindhia.ddec.nc\/#\/schema\/logo\/image\/","url":"https:\/\/ecoledenindhia.ddec.nc\/wp-content\/uploads\/2021\/07\/MEAREU-NINDHIA-removebg-preview.png","contentUrl":"https:\/\/ecoledenindhia.ddec.nc\/wp-content\/uploads\/2021\/07\/MEAREU-NINDHIA-removebg-preview.png","width":529,"height":472,"caption":"Ecole de Nindhia"},"image":{"@id":"https:\/\/ecoledenindhia.ddec.nc\/#\/schema\/logo\/image\/"}}]}},"_links":{"self":[{"href":"https:\/\/ecoledenindhia.ddec.nc\/index.php\/wp-json\/wp\/v2\/pages\/12","targetHints":{"allow":["GET"]}}],"collection":[{"href":"https:\/\/ecoledenindhia.ddec.nc\/index.php\/wp-json\/wp\/v2\/pages"}],"about":[{"href":"https:\/\/ecoledenindhia.ddec.nc\/index.php\/wp-json\/wp\/v2\/types\/page"}],"author":[{"embeddable":true,"href":"https:\/\/ecoledenindhia.ddec.nc\/index.php\/wp-json\/wp\/v2\/users\/2"}],"replies":[{"embeddable":true,"href":"https:\/\/ecoledenindhia.ddec.nc\/index.php\/wp-json\/wp\/v2\/comments?post=12"}],"version-history":[{"count":40,"href":"https:\/\/ecoledenindhia.ddec.nc\/index.php\/wp-json\/wp\/v2\/pages\/12\/revisions"}],"predecessor-version":[{"id":1361,"href":"https:\/\/ecoledenindhia.ddec.nc\/index.php\/wp-json\/wp\/v2\/pages\/12\/revisions\/1361"}],"wp:attachment":[{"href":"https:\/\/ecoledenindhia.ddec.nc\/index.php\/wp-json\/wp\/v2\/media?parent=12"}],"curies":[{"name":"wp","href":"https:\/\/api.w.org\/{rel}","templated":true}]}}